{"id":1029,"date":"2019-01-05T09:10:42","date_gmt":"2019-01-05T08:10:42","guid":{"rendered":"http:\/\/skyaccess.pl\/?page_id=1029"},"modified":"2019-01-05T09:11:36","modified_gmt":"2019-01-05T08:11:36","slug":"powerpoles","status":"publish","type":"page","link":"https:\/\/skyaccess.pl\/en\/energetics\/powerpoles\/","title":{"rendered":"POWER POLES INSTALLATION"},"content":{"rendered":"<p>We run power poles construction works \u2013 110 kV, 220 kV &amp; 400 kV. We use the rotary method and the lifting method using derrick. With having the proper equipment we are able to perform assembly works also in difficult terrain conditions.<\/p>\n<p>Our equipment:<br \/>\n&#8211; 2x Toyota Hilux with canopy and the OFF-ROAD equipment,<br \/>\n&#8211; 2x Toyota Hilux with the OFF-ROAD equipment,<br \/>\n&#8211; 2x All-terrain truck \u2013 Honker,<br \/>\n&#8211; 2x Derrick FAL 181 set &amp; TESMEC hydraulic winch ARS 402.<\/p>\n<p>Our main realizations:<br \/>\n&#8211; 400 kV line construction Gda\u0144sk Przyja\u017a\u0144-\u017bydowo Kierzkowo<br \/>\n&#8211; 400 kV line construction \u017bydowo Kierzkowo-S\u0142upsk<\/p>\n","protected":false},"excerpt":{"rendered":"<p>We run power poles construction works \u2013 110 kV, 220 kV &amp; 400 kV. We use the rotary method and the lifting method using derrick. With having the proper equipment we are able to perform assembly works also in difficult terrain conditions. Our equipment: &#8211; 2x Toyota Hilux with canopy and the OFF-ROAD equipment, &#8211; &hellip; <a href=\"https:\/\/skyaccess.pl\/en\/energetics\/powerpoles\/\" class=\"more-link\">Continue reading<span class=\"screen-reader-text\"> &#8220;POWER POLES INSTALLATION&#8221;<\/span><\/a><\/p>\n","protected":false},"author":2,"featured_media":1038,"parent":1160,"menu_order":1,"comment_status":"closed","ping_status":"closed","template":"Szablon_Wysokosciowe.php","meta":{"_acf_changed":false,"footnotes":""},"class_list":["post-1029","page","type-page","status-publish","has-post-thumbnail","hentry"],"acf":[],"_links":{"self":[{"href":"https:\/\/skyaccess.pl\/en\/wp-json\/wp\/v2\/pages\/1029"}],"collection":[{"href":"https:\/\/skyaccess.pl\/en\/wp-json\/wp\/v2\/pages"}],"about":[{"href":"https:\/\/skyaccess.pl\/en\/wp-json\/wp\/v2\/types\/page"}],"author":[{"embeddable":true,"href":"https:\/\/skyaccess.pl\/en\/wp-json\/wp\/v2\/users\/2"}],"replies":[{"embeddable":true,"href":"https:\/\/skyaccess.pl\/en\/wp-json\/wp\/v2\/comments?post=1029"}],"version-history":[{"count":1,"href":"https:\/\/skyaccess.pl\/en\/wp-json\/wp\/v2\/pages\/1029\/revisions"}],"predecessor-version":[{"id":1165,"href":"https:\/\/skyaccess.pl\/en\/wp-json\/wp\/v2\/pages\/1029\/revisions\/1165"}],"up":[{"embeddable":true,"href":"https:\/\/skyaccess.pl\/en\/wp-json\/wp\/v2\/pages\/1160"}],"wp:featuredmedia":[{"embeddable":true,"href":"https:\/\/skyaccess.pl\/en\/wp-json\/wp\/v2\/media\/1038"}],"wp:attachment":[{"href":"https:\/\/skyaccess.pl\/en\/wp-json\/wp\/v2\/media?parent=1029"}],"curies":[{"name":"wp","href":"https:\/\/api.w.org\/{rel}","templated":true}]}}